{"id":5842,"date":"2019-11-06T12:10:10","date_gmt":"2019-11-06T11:10:10","guid":{"rendered":"https:\/\/www.trintech.nl\/privacy-verklaring\/"},"modified":"2020-05-19T19:56:48","modified_gmt":"2020-05-19T17:56:48","slug":"datenschutzerklarung","status":"publish","type":"page","link":"https:\/\/www.trintech.nl\/de\/datenschutzerklarung\/","title":{"rendered":"Datenschutzerkl\u00e4rung"},"content":{"rendered":"<div id='av_section_1'  class='avia-section av-5at9-af0f8d8ec2f0e4c30242af5a81e0fdc2 main_color avia-section-default avia-no-border-styling  avia-builder-el-0  avia-builder-el-no-sibling  avia-bg-style-scroll container_wrap fullsize'  ><div class='container av-section-cont-open' ><main  role=\"main\" itemprop=\"mainContentOfPage\"  class='template-page content  av-content-full alpha units'><div class='post-entry post-entry-type-page post-entry-5842'><div class='entry-content-wrapper clearfix'>\n\n<style type=\"text\/css\" data-created_by=\"avia_inline_auto\" id=\"style-css-av-k4e29pwc-1f334f5be0cc820100e9dbc4d63f12e8\">\n#top .hr.hr-invisible.av-k4e29pwc-1f334f5be0cc820100e9dbc4d63f12e8{\nheight:50px;\n}\n<\/style>\n<div  class='hr av-k4e29pwc-1f334f5be0cc820100e9dbc4d63f12e8 hr-invisible  avia-builder-el-1  el_before_av_one_full  avia-builder-el-first '><span class='hr-inner '><span class=\"hr-inner-style\"><\/span><\/span><\/div>\n\n<style type=\"text\/css\" data-created_by=\"avia_inline_auto\" id=\"style-css-av-2tlb-f67f4e1e48c9c48543adafd1d0340370\">\n.flex_column.av-2tlb-f67f4e1e48c9c48543adafd1d0340370{\nborder-radius:0px 0px 0px 0px;\npadding:0px 0px 0px 0px;\n}\n<\/style>\n<div  class='flex_column av-2tlb-f67f4e1e48c9c48543adafd1d0340370 av_one_full  avia-builder-el-2  el_after_av_hr  el_before_av_hr  first flex_column_div av-zero-column-padding  '     ><p>\n<style type=\"text\/css\" data-created_by=\"avia_inline_auto\" id=\"style-css-av-34ywtu-298dcddd317ffec4afa7ddac8380d306\">\n#top .av-special-heading.av-34ywtu-298dcddd317ffec4afa7ddac8380d306{\npadding-bottom:10px;\n}\nbody .av-special-heading.av-34ywtu-298dcddd317ffec4afa7ddac8380d306 .av-special-heading-tag .heading-char{\nfont-size:25px;\n}\n.av-special-heading.av-34ywtu-298dcddd317ffec4afa7ddac8380d306 .av-subheading{\nfont-size:15px;\n}\n<\/style>\n<div  class='av-special-heading av-34ywtu-298dcddd317ffec4afa7ddac8380d306 av-special-heading-h1 blockquote modern-quote  avia-builder-el-3  el_before_av_textblock  avia-builder-el-first  av-linked-heading'><h1 class='av-special-heading-tag '  itemprop=\"headline\"  >Datenschutzerkl\u00e4rung<\/h1><div class=\"special-heading-border\"><div class=\"special-heading-inner-border\"><\/div><\/div><\/div><br \/>\n<section  class='av_textblock_section av-k402f2na-b694018c596a7df36d9ec95804a4ed91 '   itemscope=\"itemscope\" itemtype=\"https:\/\/schema.org\/CreativeWork\" ><div class='avia_textblock'  itemprop=\"text\" ><p>Trintech B.V., ans\u00e4ssig am Nijverheidsweg 10,<br \/>\n6691 EZ Gendt, Niederlande, ist f\u00fcr die Verarbeitung der personenbezogenen Daten gem\u00e4\u00df dieser Datenschutzerkl\u00e4rung verantwortlich.<\/p>\n<p><strong>Kontaktdaten<\/strong>:<br \/>\nNijverheidsweg 10<br \/>\n6691 EZ Gendt<br \/>\nNiederlande<br \/>\n+31 481 421867<br \/>\nJolanda Rossen \u2013 v.d. Heuvel ist die Datenschutzbeauftragte von Trintech B.V. Sie ist \u00fcber jr@trintech.nl zu erreichen<\/p>\n<p><strong>Personenbezogene Daten, die wir verarbeiten<\/strong><br \/>\nTrintech B.V. verarbeitet Ihre personenbezogenen Daten, da Sie unsere Dienstleistungen in Anspruch nehmen, und\/oder selber Dienstleistungen f\u00fcr uns erbringen.<\/p>\n<p>Nachstehend eine \u00dcbersicht der personenbezogenen Daten, die wir verarbeiten:<br \/>\n\u2013 Vor- und Nachname<br \/>\n\u2013 Telefonnummer<br \/>\n\u2013 E-Mailadresse<\/p>\n<p><strong>Besondere und\/oder sensible personenbezogene Daten, die wir verarbeiten<\/strong><br \/>\nUnsere Website und\/oder unsere Dienststelle hat nicht die Absicht, personenbezogene Daten \u00fcber Websitebesucher unter 16 Jahren zu erfassen. Es sei denn, es liegt eine Zustimmung der Eltern oder des Erziehungsberechtigten vor. Wir k\u00f6nnen jedoch nicht kontrollieren, ob ein Besucher \u00e4lter als 16 Jahre ist. Wir empfehlen Eltern daher, die online Aktivit\u00e4ten Ihrer Kinder im Auge zu behalten, um zu vermeiden, dass ohne elterliche Zustimmung Daten der Kinder erfasst werden. Wenn Sie davon \u00fcberzeugt sind, dass wir ohne diese Zustimmung personenbezogene Daten eines Minderj\u00e4hrigen erfasst haben, bitten wir Sie, \u00fcber administratie@trintech.nl Kontakt mit uns aufzunehmen, dann l\u00f6schen wir diese Informationen.<\/p>\n<p><strong>Mit welchem Ziel und auf welcher Grundlage verarbeiten wir personenbezogene Daten<\/strong><br \/>\nTrintech B.V. verarbeitet Ihre personenbezogenen Daten f\u00fcr folgende Zwecke:<br \/>\n\u2013 Senden unseres Newsletters und\/oder Werbeprospekte<br \/>\n\u2013 Sie anrufen oder Ihnen eine E-Mail senden zu k\u00f6nnen, wenn dies im Zuge unserer Dienstleistungen erforderlich ist<\/p>\n<p><strong>Automatisierte Entscheidungsfindung<\/strong><br \/>\nTrintech B.V. trifft auf der Basis automatisierter Verarbeitungen keine Entscheidungen in Bezug auf Angelegenheiten die (erhebliche) Folgen f\u00fcr Personen haben k\u00f6nnen. Es handelt sich hier um Entscheidungen, die von Computerprogrammen oder -Systemen getroffen werden, ohne dass ein Mensch (z.B. ein Mitarbeiter von Trintech B.V.) daran beteiligt ist.<\/p>\n<p><strong>Wie lange speichern wir personenbezogene Daten<\/strong><br \/>\nTrintech B.V. speichert Ihre personenbezogenen Daten nicht l\u00e4nger als f\u00fcr die Zwecke, f\u00fcr die Ihre Daten erfasst werden, erforderlich ist. Wir handhaben folgende Speicherfristen f\u00fcr folgende (Kategorien von) personenbezogenen Daten:<\/p>\n<p>Bewerbungsbriefe und -Korrespondenz werden nach Ablauf des Bewerbungsverfahrens maximal ein Jahr lang gespeichert.<br \/>\nGesch\u00e4ftliche Dokumente, wie z.B. der Jahresabschluss, Gewinn- und Verlustrechnung, Verwaltungen und Rechnungen f\u00fcr die Mehrwertsteuer, werden sieben Jahre lang gespeichert<\/p>\n<p><strong>Teilen personenbezogener Daten mit Dritten<\/strong><br \/>\nTrintech B.V. verkauft Ihre Daten nicht an Dritte und stellt diese nur dann zur Verf\u00fcgung, wenn dies im Rahmen der Erf\u00fcllung unseres Vertrags mit Ihnen erforderlich ist, oder um gesetzlichen Verpflichtungen gerecht zu werden. Wir schlie\u00dfen einen Verarbeitungsvertrag mit Unternehmen, die Ihre Daten in unserem Auftrag verarbeiten, um dasselbe Schutz- und Vertraulichkeitsniveau Ihrer Daten zu gew\u00e4hrleisten. Trintech B.V. bleibt f\u00fcr diese Verarbeitungen endverantwortlich.<\/p>\n<p><strong>Cookies, oder \u00e4hnliche von uns genutzte Methoden<\/strong><br \/>\nTrintech B.V. nutzt funktionelle, analytische und Tracking Cookies. Ein Cookie ist eine kleine Textdatei, die beim ersten Besuch auf der Website im Browser Ihres Computers, Tablets oder Smartphones gespeichert wird. Trintech B.V. nutzt Cookies mit einer rein technischen Funktionalit\u00e4t. Diese sorgen daf\u00fcr, dass die Website ordnungsgem\u00e4\u00df funktioniert und dass beispielsweise Ihre Vorzugseinstellungen gespeichert werden. Diese Cookies werden auch verwendet, um die Website einwandfrei funktionieren zu lassen und diese zu optimieren. Des Weiteren setzen wir Cookies ein, die Ihr Surfverhalten verfolgen, damit wir Ihnen individuell auf Sie abgestimmten Content und Reklame anbieten k\u00f6nnen.<\/p>\n<p>Bei Ihrem ersten Besuch auf unserer Website haben wir Sie bereits \u00fcber diese Cookies informiert und um Ihre Zustimmung f\u00fcr deren Speicherung auf Ihrem Computer gebeten.<\/p>\n<p>Sie k\u00f6nnen sich f\u00fcr die Cookies abmelden, indem Sie Ihren Internetbrowser so einstellen, dass er keine Cookies mehr speichert. Des Weiteren k\u00f6nnen Sie auch alle Informationen, die zuvor gespeichert wurden, aus den Einstellungen Ihres Browsers l\u00f6schen.<\/p>\n<p>Siehe f\u00fcr Erl\u00e4uterungen: https:\/\/veiliginternetten.nl\/themes\/situatie\/cookies-wat-zijn-het-en-wat-doe-ik-ermee\/<br \/>\nAuf dieser Website werden auch von Dritten Cookies eingesetzt. Dabei handelt es sich beispielsweise um Werbetreibende und\/oder Unternehmen im Bereich der sozialen Medien. Nachstehend eine \u00dcbersicht:<\/p>\n<p>Cookie:\u00a0Googly Analytics<br \/>\nName:\u00a0_utma<br \/>\nFunktion:\u00a0Analytisches Cookie, das den Websitebesuch misst<br \/>\nSpeicherfrist:\u00a02 Jahre<\/p>\n<p><strong>Daten einsehen, anpassen oder l\u00f6schen<\/strong><br \/>\nSie haben das Recht, Ihre personenbezogenen Daten einzusehen, zu korrigieren oder zu l\u00f6schen. Des Weiteren haben Sie das Recht, Ihre eventuelle Zustimmung f\u00fcr die Datenverarbeitung zu widerrufen, oder Beschwerde gegen die Verarbeitung Ihrer personenbezogenen Daten durch Trintech B.V. zu erheben und Sie haben das Recht auf Daten\u00fcbertragbarkeit. Das bedeutet, dass Sie bei uns ein Ersuchen einreichen k\u00f6nnen, dass wir Ihnen, oder einer von Ihnen benannten Organisation Ihre personenbezogenen Daten, \u00fcber die wir verf\u00fcgen, in Form einer Computerdatei\u00a0 senden.<\/p>\n<p>Sie k\u00f6nnen ein Ersuchen zur Einsichtnahme, Korrektur, L\u00f6schung oder Daten\u00fcbertragung, bzw. ein Ersuchen zum Einzug Ihrer Zustimmung oder eine Beschwerde gegen die Verarbeitung Ihrer personenbezogenen Daten an administratie@trintech.nl senden.<\/p>\n<p>Um sicher zu sein, dass dieses Ersuchen von Ihnen stammt, bitten wir Sie, eine Kopie Ihres Personalausweises mitzusenden. Machen Sie in dieser Kopie Ihr Passfoto, die MRZ (machine readable zone, der Streifen mit Nummern unten im Reisepass oder Personalausweis), die Ausweisnummer und die Sozialversicherungsnummer unkenntlich. Dies zum Schutz Ihrer Daten. Wir reagieren schnellstm\u00f6glich, aber innerhalb von vier Wochen, auf Ihr Ersuchen.<\/p>\n<p>Trintech B.V. m\u00f6chte Sie au\u00dferdem auf die M\u00f6glichkeit hinweisen, Beschwerde bei der nationalen Aufsichtsbeh\u00f6rde, der Datenschutzbeh\u00f6rde, zu erheben. Das ist \u00fcber folgenden Link m\u00f6glich:\u00a0<a href=\"https:\/\/autoriteitpersoonsgegevens.nl\/nl\/contact-met-de-autoriteit-persoonsgegevens\/tip-ons\">https:\/\/autoriteitpersoonsgegevens.nl\/nl\/contact-met-de-autoriteit-persoonsgegevens\/tip-ons<\/a><\/p>\n<p><strong>Wie wir personenbezogene Daten sch\u00fctzen<\/strong><br \/>\nTrintech B.V. nimmt den Schutz Ihrer Daten ernst und ergreift passende Ma\u00dfnahmen, um dem Missbrauch, Verlust, unautorisiertem Zugriff, unerw\u00fcnschter Offenlegung und unautorisierten \u00c4nderungen vorzubeugen. Wenn Sie der Ansicht sind, dass Ihre Daten nicht ordnungsgem\u00e4\u00df gesch\u00fctzt werden, oder einen Verdacht auf Missbrauch haben, bitten wir Sie, \u00fcber administratie@trintech.nl Kontakt mit uns aufzunehmen.<\/p>\n<p>Letzte \u00c4nderung am 15 Mei 2020<\/p>\n<\/div><\/section><\/p><\/div>\n<style type=\"text\/css\" data-created_by=\"avia_inline_auto\" id=\"style-css-av-k4e29pwc-1f334f5be0cc820100e9dbc4d63f12e8\">\n#top .hr.hr-invisible.av-k4e29pwc-1f334f5be0cc820100e9dbc4d63f12e8{\nheight:50px;\n}\n<\/style>\n<div  class='hr av-k4e29pwc-1f334f5be0cc820100e9dbc4d63f12e8 hr-invisible  avia-builder-el-5  el_after_av_one_full  avia-builder-el-last '><span class='hr-inner '><span class=\"hr-inner-style\"><\/span><\/span><\/div>\n\n","protected":false},"excerpt":{"rendered":"","protected":false},"author":2,"featured_media":0,"parent":0,"menu_order":0,"comment_status":"closed","ping_status":"closed","template":"","meta":{"_acf_changed":false,"footnotes":""},"class_list":["post-5842","page","type-page","status-publish","hentry"],"acf":[],"yoast_head":"<!-- This site is optimized with the Yoast SEO plugin v26.6 - https:\/\/yoast.com\/wordpress\/plugins\/seo\/ -->\n<title>Datenschutzerkl\u00e4rung - Trintech<\/title>\n<meta name=\"robots\" content=\"index, follow, max-snippet:-1, max-image-preview:large, max-video-preview:-1\" \/>\n<link rel=\"canonical\" href=\"https:\/\/www.trintech.nl\/de\/datenschutzerklarung\/\" \/>\n<meta property=\"og:locale\" content=\"de_DE\" \/>\n<meta property=\"og:type\" content=\"article\" \/>\n<meta property=\"og:title\" content=\"Datenschutzerkl\u00e4rung - Trintech\" \/>\n<meta property=\"og:url\" content=\"https:\/\/www.trintech.nl\/de\/datenschutzerklarung\/\" \/>\n<meta property=\"og:site_name\" content=\"Trintech\" \/>\n<meta property=\"article:publisher\" content=\"https:\/\/www.facebook.com\/trintechgroep\/\" \/>\n<meta property=\"article:modified_time\" content=\"2020-05-19T17:56:48+00:00\" \/>\n<meta property=\"og:image\" content=\"https:\/\/www.trintech.nl\/wp-content\/uploads\/2020\/01\/Trintech-Website.png\" \/>\n\t<meta property=\"og:image:width\" content=\"1200\" \/>\n\t<meta property=\"og:image:height\" content=\"628\" \/>\n\t<meta property=\"og:image:type\" content=\"image\/png\" \/>\n<meta name=\"twitter:card\" content=\"summary_large_image\" \/>\n<meta name=\"twitter:label1\" content=\"Gesch\u00e4tzte Lesezeit\" \/>\n\t<meta name=\"twitter:data1\" content=\"7\u00a0Minuten\" \/>\n<script type=\"application\/ld+json\" class=\"yoast-schema-graph\">{\"@context\":\"https:\/\/schema.org\",\"@graph\":[{\"@type\":\"WebPage\",\"@id\":\"https:\/\/www.trintech.nl\/de\/datenschutzerklarung\/\",\"url\":\"https:\/\/www.trintech.nl\/de\/datenschutzerklarung\/\",\"name\":\"Datenschutzerkl\u00e4rung - Trintech\",\"isPartOf\":{\"@id\":\"https:\/\/www.trintech.nl\/#website\"},\"datePublished\":\"2019-11-06T11:10:10+00:00\",\"dateModified\":\"2020-05-19T17:56:48+00:00\",\"breadcrumb\":{\"@id\":\"https:\/\/www.trintech.nl\/de\/datenschutzerklarung\/#breadcrumb\"},\"inLanguage\":\"de\",\"potentialAction\":[{\"@type\":\"ReadAction\",\"target\":[\"https:\/\/www.trintech.nl\/de\/datenschutzerklarung\/\"]}]},{\"@type\":\"BreadcrumbList\",\"@id\":\"https:\/\/www.trintech.nl\/de\/datenschutzerklarung\/#breadcrumb\",\"itemListElement\":[{\"@type\":\"ListItem\",\"position\":1,\"name\":\"Home\",\"item\":\"https:\/\/www.trintech.nl\/de\/\"},{\"@type\":\"ListItem\",\"position\":2,\"name\":\"Datenschutzerkl\u00e4rung\"}]},{\"@type\":\"WebSite\",\"@id\":\"https:\/\/www.trintech.nl\/#website\",\"url\":\"https:\/\/www.trintech.nl\/\",\"name\":\"Trintech\",\"description\":\"\",\"publisher\":{\"@id\":\"https:\/\/www.trintech.nl\/#organization\"},\"potentialAction\":[{\"@type\":\"SearchAction\",\"target\":{\"@type\":\"EntryPoint\",\"urlTemplate\":\"https:\/\/www.trintech.nl\/?s={search_term_string}\"},\"query-input\":{\"@type\":\"PropertyValueSpecification\",\"valueRequired\":true,\"valueName\":\"search_term_string\"}}],\"inLanguage\":\"de\"},{\"@type\":\"Organization\",\"@id\":\"https:\/\/www.trintech.nl\/#organization\",\"name\":\"Trintech\",\"url\":\"https:\/\/www.trintech.nl\/\",\"logo\":{\"@type\":\"ImageObject\",\"inLanguage\":\"de\",\"@id\":\"https:\/\/www.trintech.nl\/#\/schema\/logo\/image\/\",\"url\":\"https:\/\/www.trintech.nl\/wp-content\/uploads\/2019\/11\/footer-logo.png\",\"contentUrl\":\"https:\/\/www.trintech.nl\/wp-content\/uploads\/2019\/11\/footer-logo.png\",\"width\":1137,\"height\":143,\"caption\":\"Trintech\"},\"image\":{\"@id\":\"https:\/\/www.trintech.nl\/#\/schema\/logo\/image\/\"},\"sameAs\":[\"https:\/\/www.facebook.com\/trintechgroep\/\",\"https:\/\/www.linkedin.com\/company\/trintech-bv\/\"]}]}<\/script>\n<!-- \/ Yoast SEO plugin. -->","yoast_head_json":{"title":"Datenschutzerkl\u00e4rung - Trintech","robots":{"index":"index","follow":"follow","max-snippet":"max-snippet:-1","max-image-preview":"max-image-preview:large","max-video-preview":"max-video-preview:-1"},"canonical":"https:\/\/www.trintech.nl\/de\/datenschutzerklarung\/","og_locale":"de_DE","og_type":"article","og_title":"Datenschutzerkl\u00e4rung - Trintech","og_url":"https:\/\/www.trintech.nl\/de\/datenschutzerklarung\/","og_site_name":"Trintech","article_publisher":"https:\/\/www.facebook.com\/trintechgroep\/","article_modified_time":"2020-05-19T17:56:48+00:00","og_image":[{"width":1200,"height":628,"url":"https:\/\/www.trintech.nl\/wp-content\/uploads\/2020\/01\/Trintech-Website.png","type":"image\/png"}],"twitter_card":"summary_large_image","twitter_misc":{"Gesch\u00e4tzte Lesezeit":"7\u00a0Minuten"},"schema":{"@context":"https:\/\/schema.org","@graph":[{"@type":"WebPage","@id":"https:\/\/www.trintech.nl\/de\/datenschutzerklarung\/","url":"https:\/\/www.trintech.nl\/de\/datenschutzerklarung\/","name":"Datenschutzerkl\u00e4rung - Trintech","isPartOf":{"@id":"https:\/\/www.trintech.nl\/#website"},"datePublished":"2019-11-06T11:10:10+00:00","dateModified":"2020-05-19T17:56:48+00:00","breadcrumb":{"@id":"https:\/\/www.trintech.nl\/de\/datenschutzerklarung\/#breadcrumb"},"inLanguage":"de","potentialAction":[{"@type":"ReadAction","target":["https:\/\/www.trintech.nl\/de\/datenschutzerklarung\/"]}]},{"@type":"BreadcrumbList","@id":"https:\/\/www.trintech.nl\/de\/datenschutzerklarung\/#breadcrumb","itemListElement":[{"@type":"ListItem","position":1,"name":"Home","item":"https:\/\/www.trintech.nl\/de\/"},{"@type":"ListItem","position":2,"name":"Datenschutzerkl\u00e4rung"}]},{"@type":"WebSite","@id":"https:\/\/www.trintech.nl\/#website","url":"https:\/\/www.trintech.nl\/","name":"Trintech","description":"","publisher":{"@id":"https:\/\/www.trintech.nl\/#organization"},"potentialAction":[{"@type":"SearchAction","target":{"@type":"EntryPoint","urlTemplate":"https:\/\/www.trintech.nl\/?s={search_term_string}"},"query-input":{"@type":"PropertyValueSpecification","valueRequired":true,"valueName":"search_term_string"}}],"inLanguage":"de"},{"@type":"Organization","@id":"https:\/\/www.trintech.nl\/#organization","name":"Trintech","url":"https:\/\/www.trintech.nl\/","logo":{"@type":"ImageObject","inLanguage":"de","@id":"https:\/\/www.trintech.nl\/#\/schema\/logo\/image\/","url":"https:\/\/www.trintech.nl\/wp-content\/uploads\/2019\/11\/footer-logo.png","contentUrl":"https:\/\/www.trintech.nl\/wp-content\/uploads\/2019\/11\/footer-logo.png","width":1137,"height":143,"caption":"Trintech"},"image":{"@id":"https:\/\/www.trintech.nl\/#\/schema\/logo\/image\/"},"sameAs":["https:\/\/www.facebook.com\/trintechgroep\/","https:\/\/www.linkedin.com\/company\/trintech-bv\/"]}]}},"_links":{"self":[{"href":"https:\/\/www.trintech.nl\/de\/wp-json\/wp\/v2\/pages\/5842","targetHints":{"allow":["GET"]}}],"collection":[{"href":"https:\/\/www.trintech.nl\/de\/wp-json\/wp\/v2\/pages"}],"about":[{"href":"https:\/\/www.trintech.nl\/de\/wp-json\/wp\/v2\/types\/page"}],"author":[{"embeddable":true,"href":"https:\/\/www.trintech.nl\/de\/wp-json\/wp\/v2\/users\/2"}],"replies":[{"embeddable":true,"href":"https:\/\/www.trintech.nl\/de\/wp-json\/wp\/v2\/comments?post=5842"}],"version-history":[{"count":4,"href":"https:\/\/www.trintech.nl\/de\/wp-json\/wp\/v2\/pages\/5842\/revisions"}],"predecessor-version":[{"id":6106,"href":"https:\/\/www.trintech.nl\/de\/wp-json\/wp\/v2\/pages\/5842\/revisions\/6106"}],"wp:attachment":[{"href":"https:\/\/www.trintech.nl\/de\/wp-json\/wp\/v2\/media?parent=5842"}],"curies":[{"name":"wp","href":"https:\/\/api.w.org\/{rel}","templated":true}]}}